{"id":1271,"date":"2016-11-11T11:32:26","date_gmt":"2016-11-11T14:32:26","guid":{"rendered":"http:\/\/192.168.0.7\/site1\/?page_id=1271"},"modified":"2016-12-02T12:13:31","modified_gmt":"2016-12-02T15:13:31","slug":"modernizacao-de-equipamentos","status":"publish","type":"page","link":"https:\/\/oxipira.com.br\/en\/modernizacao-de-equipamentos\/","title":{"rendered":"Moderniza\u00e7\u00e3o de Equipamentos"},"content":{"rendered":"<div id=\"pl-1271\"  class=\"panel-layout\" ><div id=\"pg-1271-0\"  class=\"panel-grid panel-no-style\" ><div id=\"pgc-1271-0-0\"  class=\"panel-grid-cell\" ><div id=\"panel-1271-0-0-0\" class=\"so-panel widget widget_sow-editor panel-first-child panel-last-child\" data-index=\"0\" ><div\n\t\t\t\n\t\t\tclass=\"so-widget-sow-editor so-widget-sow-editor-base\"\n\t\t\t\n\t\t>\n<div class=\"siteorigin-widget-tinymce textwidget\">\n\t<p>A Oxipira moderniza seu equipamento, deixando-o atualizado com o que h\u00e1 de mais recente em tecnologia de corte, otimizando seu investimento e recursos dispon\u00edveis.<\/p>\n<p>O compromisso da melhor assessoria t\u00e9cnica e do melhor p\u00f3s-vendas, exige de n\u00f3s que haja uma antecipa\u00e7\u00e3o de qualquer fato que possa impactar na produtividade de nossos clientes. E, pensando nisso, criamos um programa de moderniza\u00e7\u00e3o com foco no <em>upgrade <\/em>de componentes j\u00e1 obsoletos.<\/p>\n<p>A Oxipira avalia cada equipamento e a atividade de cada cliente e prop\u00f5e as melhorias e atualiza\u00e7\u00f5es que podem ser feitas. Os ganhos em produtividade, o aumento do n\u00famero de pe\u00e7as cortadas por hora, a diminui\u00e7\u00e3o do retrabalho e a menor depend\u00eancia do operador s\u00e3o percebidos e podem ser calculados imediatamente ap\u00f3s a atualiza\u00e7\u00e3o do equipamento. N\u00e3o h\u00e1 segredos ou m\u00e1gica, h\u00e1 tecnologia de ponta aplicada por quem tem <em>know how <\/em>em corte.<\/p>\n<p>Al\u00e9m de tudo isso, elimina-se o risco de ter a sua m\u00e1quina parada por falta de pe\u00e7as fora de linha, uma vez que os componentes estar\u00e3o atualizados e com GARANTIA DE MAIS DE DOIS ANOS.<\/p>\n<p>A estrutura mec\u00e2nica da m\u00e1quina Oxipira permite que seja feita a atualiza\u00e7\u00e3o em automa\u00e7\u00e3o, portanto, voc\u00ea investe de forma reduzida, mas garantindo a melhor e mais alta performance em seu processo.<\/p>\n<\/div>\n<\/div><\/div><\/div><\/div><div id=\"pg-1271-1\"  class=\"panel-grid panel-no-style\" ><div id=\"pgc-1271-1-0\"  class=\"panel-grid-cell\" ><div id=\"panel-1271-1-0-0\" class=\"so-panel widget widget_sow-image panel-first-child panel-last-child\" data-index=\"1\" ><div\n\t\t\t\n\t\t\tclass=\"so-widget-sow-image so-widget-sow-image-default-c67d20f9f743-1271\"\n\t\t\t\n\t\t>\n<div class=\"sow-image-container\">\n\t\t<img fetchpriority=\"high\" \n\tsrc=\"https:\/\/oxipira.com.br\/wp-content\/uploads\/2016\/11\/11.png\" width=\"684\" height=\"632\" srcset=\"https:\/\/oxipira.com.br\/wp-content\/uploads\/2016\/11\/11.png 684w, https:\/\/oxipira.com.br\/wp-content\/uploads\/2016\/11\/11-300x277.png 300w, https:\/\/oxipira.com.br\/wp-content\/uploads\/2016\/11\/11-24x22.png 24w, https:\/\/oxipira.com.br\/wp-content\/uploads\/2016\/11\/11-36x33.png 36w, https:\/\/oxipira.com.br\/wp-content\/uploads\/2016\/11\/11-48x44.png 48w\" sizes=\"(max-width: 684px) 100vw, 684px\" alt=\"\" \t\tclass=\"so-widget-image\"\/>\n\t<\/div>\n\n<\/div><\/div><\/div><\/div><div id=\"pg-1271-2\"  class=\"panel-grid panel-no-style\" ><div id=\"pgc-1271-2-0\"  class=\"panel-grid-cell\" ><div id=\"panel-1271-2-0-0\" class=\"so-panel widget widget_sow-editor panel-first-child panel-last-child\" data-index=\"2\" ><div\n\t\t\t\n\t\t\tclass=\"so-widget-sow-editor so-widget-sow-editor-base\"\n\t\t\t\n\t\t><h3 class=\"widget-title\">Sensores de altura<\/h3>\n<div class=\"siteorigin-widget-tinymce textwidget\">\n\t<\/div>\n<\/div><\/div><\/div><div id=\"pgc-1271-2-1\"  class=\"panel-grid-cell\" ><div id=\"panel-1271-2-1-0\" class=\"so-panel widget widget_sow-editor panel-first-child panel-last-child\" data-index=\"3\" ><div\n\t\t\t\n\t\t\tclass=\"so-widget-sow-editor so-widget-sow-editor-base\"\n\t\t\t\n\t\t><h3 class=\"widget-title\">CNC<\/h3>\n<div class=\"siteorigin-widget-tinymce textwidget\">\n\t<\/div>\n<\/div><\/div><\/div><\/div><div id=\"pg-1271-3\"  class=\"panel-grid panel-no-style\" ><div id=\"pgc-1271-3-0\"  class=\"panel-grid-cell\" ><div id=\"panel-1271-3-0-0\" class=\"so-panel widget widget_sow-image panel-first-child panel-last-child\" data-index=\"4\" ><div\n\t\t\t\n\t\t\tclass=\"so-widget-sow-image so-widget-sow-image-default-8b5b6f678277-1271\"\n\t\t\t\n\t\t>\n<div class=\"sow-image-container\">\n\t\t<img \n\tsrc=\"https:\/\/oxipira.com.br\/wp-content\/uploads\/2016\/11\/SENSOR-ANTES.png\" width=\"480\" height=\"497\" srcset=\"https:\/\/oxipira.com.br\/wp-content\/uploads\/2016\/11\/SENSOR-ANTES.png 480w, https:\/\/oxipira.com.br\/wp-content\/uploads\/2016\/11\/SENSOR-ANTES-290x300.png 290w, https:\/\/oxipira.com.br\/wp-content\/uploads\/2016\/11\/SENSOR-ANTES-24x24.png 24w, https:\/\/oxipira.com.br\/wp-content\/uploads\/2016\/11\/SENSOR-ANTES-36x36.png 36w, https:\/\/oxipira.com.br\/wp-content\/uploads\/2016\/11\/SENSOR-ANTES-46x48.png 46w\" sizes=\"(max-width: 480px) 100vw, 480px\" title=\"sensor-antes\" alt=\"\" \t\tclass=\"so-widget-image\"\/>\n\t<\/div>\n\n<\/div><\/div><\/div><div id=\"pgc-1271-3-1\"  class=\"panel-grid-cell\" ><div id=\"panel-1271-3-1-0\" class=\"so-panel widget widget_sow-image panel-first-child panel-last-child\" data-index=\"5\" ><div\n\t\t\t\n\t\t\tclass=\"so-widget-sow-image so-widget-sow-image-default-8b5b6f678277-1271\"\n\t\t\t\n\t\t>\n<div class=\"sow-image-container\">\n\t\t<img \n\tsrc=\"https:\/\/oxipira.com.br\/wp-content\/uploads\/2016\/11\/SENSOR-DEPOIS.png\" width=\"480\" height=\"497\" srcset=\"https:\/\/oxipira.com.br\/wp-content\/uploads\/2016\/11\/SENSOR-DEPOIS.png 480w, https:\/\/oxipira.com.br\/wp-content\/uploads\/2016\/11\/SENSOR-DEPOIS-290x300.png 290w, https:\/\/oxipira.com.br\/wp-content\/uploads\/2016\/11\/SENSOR-DEPOIS-24x24.png 24w, https:\/\/oxipira.com.br\/wp-content\/uploads\/2016\/11\/SENSOR-DEPOIS-36x36.png 36w, https:\/\/oxipira.com.br\/wp-content\/uploads\/2016\/11\/SENSOR-DEPOIS-46x48.png 46w\" sizes=\"(max-width: 480px) 100vw, 480px\" title=\"sensor-depois\" alt=\"\" \t\tclass=\"so-widget-image\"\/>\n\t<\/div>\n\n<\/div><\/div><\/div><div id=\"pgc-1271-3-2\"  class=\"panel-grid-cell\" ><div id=\"panel-1271-3-2-0\" class=\"so-panel widget widget_sow-image panel-first-child panel-last-child\" data-index=\"6\" ><div\n\t\t\t\n\t\t\tclass=\"so-widget-sow-image so-widget-sow-image-default-8b5b6f678277-1271\"\n\t\t\t\n\t\t>\n<div class=\"sow-image-container\">\n\t\t<img loading=\"lazy\" \n\tsrc=\"https:\/\/oxipira.com.br\/wp-content\/uploads\/2016\/11\/CNC-ANTES.png\" width=\"480\" height=\"360\" srcset=\"https:\/\/oxipira.com.br\/wp-content\/uploads\/2016\/11\/CNC-ANTES.png 480w, https:\/\/oxipira.com.br\/wp-content\/uploads\/2016\/11\/CNC-ANTES-300x225.png 300w, https:\/\/oxipira.com.br\/wp-content\/uploads\/2016\/11\/CNC-ANTES-24x18.png 24w, https:\/\/oxipira.com.br\/wp-content\/uploads\/2016\/11\/CNC-ANTES-36x27.png 36w, https:\/\/oxipira.com.br\/wp-content\/uploads\/2016\/11\/CNC-ANTES-48x36.png 48w\" sizes=\"(max-width: 480px) 100vw, 480px\" title=\"cnc-antes\" alt=\"\" \t\tclass=\"so-widget-image\"\/>\n\t<\/div>\n\n<\/div><\/div><\/div><div id=\"pgc-1271-3-3\"  class=\"panel-grid-cell\" ><div id=\"panel-1271-3-3-0\" class=\"so-panel widget widget_sow-image panel-first-child panel-last-child\" data-index=\"7\" ><div\n\t\t\t\n\t\t\tclass=\"so-widget-sow-image so-widget-sow-image-default-8b5b6f678277-1271\"\n\t\t\t\n\t\t>\n<div class=\"sow-image-container\">\n\t\t<img loading=\"lazy\" \n\tsrc=\"https:\/\/oxipira.com.br\/wp-content\/uploads\/2016\/11\/CNC-DEPOIS.png\" width=\"480\" height=\"360\" srcset=\"https:\/\/oxipira.com.br\/wp-content\/uploads\/2016\/11\/CNC-DEPOIS.png 480w, https:\/\/oxipira.com.br\/wp-content\/uploads\/2016\/11\/CNC-DEPOIS-300x225.png 300w, https:\/\/oxipira.com.br\/wp-content\/uploads\/2016\/11\/CNC-DEPOIS-24x18.png 24w, https:\/\/oxipira.com.br\/wp-content\/uploads\/2016\/11\/CNC-DEPOIS-36x27.png 36w, https:\/\/oxipira.com.br\/wp-content\/uploads\/2016\/11\/CNC-DEPOIS-48x36.png 48w\" sizes=\"(max-width: 480px) 100vw, 480px\" title=\"cnc-depois\" alt=\"\" \t\tclass=\"so-widget-image\"\/>\n\t<\/div>\n\n<\/div><\/div><\/div><\/div><div id=\"pg-1271-4\"  class=\"panel-grid panel-no-style\" ><div id=\"pgc-1271-4-0\"  class=\"panel-grid-cell\" ><div id=\"panel-1271-4-0-0\" class=\"so-panel widget widget_sow-editor panel-first-child panel-last-child\" data-index=\"8\" ><div\n\t\t\t\n\t\t\tclass=\"so-widget-sow-editor so-widget-sow-editor-base\"\n\t\t\t\n\t\t><h3 class=\"widget-title\">Motoriza\u00e7\u00f5es<\/h3>\n<div class=\"siteorigin-widget-tinymce textwidget\">\n\t<\/div>\n<\/div><\/div><\/div><div id=\"pgc-1271-4-1\"  class=\"panel-grid-cell\" ><div id=\"panel-1271-4-1-0\" class=\"so-panel widget widget_sow-editor panel-first-child panel-last-child\" data-index=\"9\" ><div\n\t\t\t\n\t\t\tclass=\"so-widget-sow-editor so-widget-sow-editor-base\"\n\t\t\t\n\t\t><h3 class=\"widget-title\">Adequa\u00e7\u00e3o \u00e0s normas de seguran\u00e7a (NR12)<\/h3>\n<div class=\"siteorigin-widget-tinymce textwidget\">\n\t<\/div>\n<\/div><\/div><\/div><\/div><div id=\"pg-1271-5\"  class=\"panel-grid panel-no-style\" ><div id=\"pgc-1271-5-0\"  class=\"panel-grid-cell\" ><div id=\"panel-1271-5-0-0\" class=\"so-panel widget widget_sow-image panel-first-child panel-last-child\" data-index=\"10\" ><div\n\t\t\t\n\t\t\tclass=\"so-widget-sow-image so-widget-sow-image-default-8b5b6f678277-1271\"\n\t\t\t\n\t\t>\n<div class=\"sow-image-container\">\n\t\t<img loading=\"lazy\" \n\tsrc=\"https:\/\/oxipira.com.br\/wp-content\/uploads\/2016\/11\/MOTORIZACAO-ANTES.png\" width=\"640\" height=\"400\" srcset=\"https:\/\/oxipira.com.br\/wp-content\/uploads\/2016\/11\/MOTORIZACAO-ANTES.png 640w, https:\/\/oxipira.com.br\/wp-content\/uploads\/2016\/11\/MOTORIZACAO-ANTES-300x188.png 300w, https:\/\/oxipira.com.br\/wp-content\/uploads\/2016\/11\/MOTORIZACAO-ANTES-480x300.png 480w, https:\/\/oxipira.com.br\/wp-content\/uploads\/2016\/11\/MOTORIZACAO-ANTES-24x15.png 24w, https:\/\/oxipira.com.br\/wp-content\/uploads\/2016\/11\/MOTORIZACAO-ANTES-36x23.png 36w, https:\/\/oxipira.com.br\/wp-content\/uploads\/2016\/11\/MOTORIZACAO-ANTES-48x30.png 48w\" sizes=\"(max-width: 640px) 100vw, 640px\" title=\"motorizacao-antes\" alt=\"\" \t\tclass=\"so-widget-image\"\/>\n\t<\/div>\n\n<\/div><\/div><\/div><div id=\"pgc-1271-5-1\"  class=\"panel-grid-cell\" ><div id=\"panel-1271-5-1-0\" class=\"so-panel widget widget_sow-image panel-first-child panel-last-child\" data-index=\"11\" ><div\n\t\t\t\n\t\t\tclass=\"so-widget-sow-image so-widget-sow-image-default-8b5b6f678277-1271\"\n\t\t\t\n\t\t>\n<div class=\"sow-image-container\">\n\t\t<img loading=\"lazy\" \n\tsrc=\"https:\/\/oxipira.com.br\/wp-content\/uploads\/2016\/11\/MOTORIZACAO-DEPOIS.png\" width=\"640\" height=\"400\" srcset=\"https:\/\/oxipira.com.br\/wp-content\/uploads\/2016\/11\/MOTORIZACAO-DEPOIS.png 640w, https:\/\/oxipira.com.br\/wp-content\/uploads\/2016\/11\/MOTORIZACAO-DEPOIS-300x188.png 300w, https:\/\/oxipira.com.br\/wp-content\/uploads\/2016\/11\/MOTORIZACAO-DEPOIS-480x300.png 480w, https:\/\/oxipira.com.br\/wp-content\/uploads\/2016\/11\/MOTORIZACAO-DEPOIS-24x15.png 24w, https:\/\/oxipira.com.br\/wp-content\/uploads\/2016\/11\/MOTORIZACAO-DEPOIS-36x23.png 36w, https:\/\/oxipira.com.br\/wp-content\/uploads\/2016\/11\/MOTORIZACAO-DEPOIS-48x30.png 48w\" sizes=\"(max-width: 640px) 100vw, 640px\" title=\"motorizacao-depois\" alt=\"\" \t\tclass=\"so-widget-image\"\/>\n\t<\/div>\n\n<\/div><\/div><\/div><div id=\"pgc-1271-5-2\"  class=\"panel-grid-cell\" ><div id=\"panel-1271-5-2-0\" class=\"so-panel widget widget_sow-image panel-first-child panel-last-child\" data-index=\"12\" ><div\n\t\t\t\n\t\t\tclass=\"so-widget-sow-image so-widget-sow-image-default-8b5b6f678277-1271\"\n\t\t\t\n\t\t>\n<div class=\"sow-image-container\">\n\t\t<img loading=\"lazy\" \n\tsrc=\"https:\/\/oxipira.com.br\/wp-content\/uploads\/2016\/11\/NORMAS-ANTES.png\" width=\"640\" height=\"400\" srcset=\"https:\/\/oxipira.com.br\/wp-content\/uploads\/2016\/11\/NORMAS-ANTES.png 640w, https:\/\/oxipira.com.br\/wp-content\/uploads\/2016\/11\/NORMAS-ANTES-300x188.png 300w, https:\/\/oxipira.com.br\/wp-content\/uploads\/2016\/11\/NORMAS-ANTES-480x300.png 480w, https:\/\/oxipira.com.br\/wp-content\/uploads\/2016\/11\/NORMAS-ANTES-24x15.png 24w, https:\/\/oxipira.com.br\/wp-content\/uploads\/2016\/11\/NORMAS-ANTES-36x23.png 36w, https:\/\/oxipira.com.br\/wp-content\/uploads\/2016\/11\/NORMAS-ANTES-48x30.png 48w\" sizes=\"(max-width: 640px) 100vw, 640px\" title=\"normas-antes\" alt=\"\" \t\tclass=\"so-widget-image\"\/>\n\t<\/div>\n\n<\/div><\/div><\/div><div id=\"pgc-1271-5-3\"  class=\"panel-grid-cell\" ><div id=\"panel-1271-5-3-0\" class=\"so-panel widget widget_sow-image panel-first-child panel-last-child\" data-index=\"13\" ><div\n\t\t\t\n\t\t\tclass=\"so-widget-sow-image so-widget-sow-image-default-8b5b6f678277-1271\"\n\t\t\t\n\t\t>\n<div class=\"sow-image-container\">\n\t\t<img loading=\"lazy\" \n\tsrc=\"https:\/\/oxipira.com.br\/wp-content\/uploads\/2016\/11\/NORMAS-DEPOIS.png\" width=\"640\" height=\"400\" srcset=\"https:\/\/oxipira.com.br\/wp-content\/uploads\/2016\/11\/NORMAS-DEPOIS.png 640w, https:\/\/oxipira.com.br\/wp-content\/uploads\/2016\/11\/NORMAS-DEPOIS-300x188.png 300w, https:\/\/oxipira.com.br\/wp-content\/uploads\/2016\/11\/NORMAS-DEPOIS-480x300.png 480w, https:\/\/oxipira.com.br\/wp-content\/uploads\/2016\/11\/NORMAS-DEPOIS-24x15.png 24w, https:\/\/oxipira.com.br\/wp-content\/uploads\/2016\/11\/NORMAS-DEPOIS-36x23.png 36w, https:\/\/oxipira.com.br\/wp-content\/uploads\/2016\/11\/NORMAS-DEPOIS-48x30.png 48w\" sizes=\"(max-width: 640px) 100vw, 640px\" title=\"normas-depois\" alt=\"\" \t\tclass=\"so-widget-image\"\/>\n\t<\/div>\n\n<\/div><\/div><\/div><\/div><\/div>","protected":false},"excerpt":{"rendered":"<p>A Oxipira moderniza seu equipamento, deixando-o atualizado com o que h\u00e1 de mais recente em tecnologia de corte, otimizando seu investimento e recursos dispon\u00edveis.O compromisso da melhor assessoria t\u00e9cnica e &#8230;<\/p>\n","protected":false},"author":1,"featured_media":0,"parent":0,"menu_order":0,"comment_status":"closed","ping_status":"closed","template":"","meta":{"footnotes":""},"class_list":["post-1271","page","type-page","status-publish","hentry"],"_links":{"self":[{"href":"https:\/\/oxipira.com.br\/en\/wp-json\/wp\/v2\/pages\/1271","targetHints":{"allow":["GET"]}}],"collection":[{"href":"https:\/\/oxipira.com.br\/en\/wp-json\/wp\/v2\/pages"}],"about":[{"href":"https:\/\/oxipira.com.br\/en\/wp-json\/wp\/v2\/types\/page"}],"author":[{"embeddable":true,"href":"https:\/\/oxipira.com.br\/en\/wp-json\/wp\/v2\/users\/1"}],"replies":[{"embeddable":true,"href":"https:\/\/oxipira.com.br\/en\/wp-json\/wp\/v2\/comments?post=1271"}],"version-history":[{"count":0,"href":"https:\/\/oxipira.com.br\/en\/wp-json\/wp\/v2\/pages\/1271\/revisions"}],"wp:attachment":[{"href":"https:\/\/oxipira.com.br\/en\/wp-json\/wp\/v2\/media?parent=1271"}],"curies":[{"name":"wp","href":"https:\/\/api.w.org\/{rel}","templated":true}]}}