{"id":24,"date":"2016-02-12T08:13:06","date_gmt":"2016-02-12T08:13:06","guid":{"rendered":"http:\/\/demos.famethemes.com\/onepress\/?page_id=24"},"modified":"2017-10-19T15:21:47","modified_gmt":"2017-10-19T18:21:47","slug":"treinamento-de-operadores","status":"publish","type":"page","link":"https:\/\/oxipira.com.br\/en\/treinamento-de-operadores\/","title":{"rendered":"Treinamento de Operadores"},"content":{"rendered":"<div id=\"pl-24\"  class=\"panel-layout\" ><div id=\"pg-24-0\"  class=\"panel-grid panel-no-style\" ><div id=\"pgc-24-0-0\"  class=\"panel-grid-cell\" ><div id=\"panel-24-0-0-0\" class=\"so-panel widget widget_sow-editor panel-first-child panel-last-child\" data-index=\"0\" ><div\n\t\t\t\n\t\t\tclass=\"so-widget-sow-editor so-widget-sow-editor-base\"\n\t\t\t\n\t\t>\n<div class=\"siteorigin-widget-tinymce textwidget\">\n\t<p>Ter profissionais bem treinados operando e programando a m\u00e1quina \u00e9 fundamental para garantir a qualidade do processo de corte e este aparato \u00e9 oferecido tamb\u00e9m no P\u00f3s-Vendas Oxipira.<\/p>\n<p>O treinamento, composto de aulas te\u00f3ricas e pr\u00e1ticas, apresenta aos operadores e programadores os conceitos de alta qualidade combinados com a otimiza\u00e7\u00e3o do processo e pode ter dois objetivos: preparar novos operadores ou reciclar o conhecimento de profissionais j\u00e1 atuantes ou que assumiram a responsabilidade de operar ou programar a m\u00e1quina. O conte\u00fado do treinamento garante o conhecimento geral sobre o equipamento e suas funcionalidades. As tecnologias est\u00e3o sempre em evolu\u00e7\u00e3o e, pensando nisso, a Oxipira oferece aos clientes a oportunidade de atualizarem o conhecimento ou at\u00e9 mesmo formar novos operadores e programadores. Investir em pessoas \u00e9 t\u00e3o importante quanto investir em tecnologia.<\/p>\n<\/div>\n<\/div><\/div><\/div><\/div><div id=\"pg-24-1\"  class=\"panel-grid panel-no-style\" ><div id=\"pgc-24-1-0\"  class=\"panel-grid-cell\" ><div id=\"panel-24-1-0-0\" class=\"so-panel widget widget_sow-editor panel-first-child panel-last-child\" data-index=\"1\" ><div\n\t\t\t\n\t\t\tclass=\"so-widget-sow-editor so-widget-sow-editor-base\"\n\t\t\t\n\t\t><h3 class=\"widget-title\">Principais pontos abordados nos treinamentos:<\/h3>\n<div class=\"siteorigin-widget-tinymce textwidget\">\n\t<\/div>\n<\/div><\/div><\/div><\/div><div id=\"pg-24-2\"  class=\"panel-grid panel-no-style\" ><div id=\"pgc-24-2-0\"  class=\"panel-grid-cell\" ><div id=\"panel-24-2-0-0\" class=\"so-panel widget widget_sow-editor panel-first-child panel-last-child\" data-index=\"2\" ><div\n\t\t\t\n\t\t\tclass=\"so-widget-sow-editor so-widget-sow-editor-base\"\n\t\t\t\n\t\t><h3 class=\"widget-title\">Treinamento de Software<\/h3>\n<div class=\"siteorigin-widget-tinymce textwidget\">\n\t<ul>\n<li>Introdu\u00e7\u00e3o ao software<\/li>\n<li>Configura\u00e7\u00f5es do software<\/li>\n<li>Importa\u00e7\u00e3o de geometrias<\/li>\n<li>Cria\u00e7\u00e3o de pe\u00e7as<\/li>\n<li>Arranjos e NC avan\u00e7ado<\/li>\n<li>Controle de chapas e relat\u00f3rios<\/li>\n<\/ul>\n<\/div>\n<\/div><\/div><\/div><div id=\"pgc-24-2-1\"  class=\"panel-grid-cell\" ><div id=\"panel-24-2-1-0\" class=\"so-panel widget widget_sow-editor panel-first-child panel-last-child\" data-index=\"3\" ><div\n\t\t\t\n\t\t\tclass=\"so-widget-sow-editor so-widget-sow-editor-base\"\n\t\t\t\n\t\t><h3 class=\"widget-title\">Treinamento Operacional<\/h3>\n<div class=\"siteorigin-widget-tinymce textwidget\">\n\t<ul>\n<li>Introdu\u00e7\u00e3o ao plasma<\/li>\n<li>Tabelas de corte<\/li>\n<li>Consum\u00edveis<\/li>\n<li>Ajustes<\/li>\n<li>Aprimoramentos do corte<\/li>\n<li>Manuten\u00e7\u00e3o e conserva\u00e7\u00e3o<\/li>\n<\/ul>\n<\/div>\n<\/div><\/div><\/div><\/div><\/div>","protected":false},"excerpt":{"rendered":"<p>A capacita\u00e7\u00e3o dos operadores \u00e9 fundamental para garantir otimiza\u00e7\u00e3o de todo o processo. Composto de aulas te\u00f3ricas e pr\u00e1ticas, os treinamentos promovidos pela Oxipira preparam novos operadores e tamb\u00e9m reciclam o conhecimento de operadores j\u00e1 atuantes.<\/p>\n","protected":false},"author":1,"featured_media":0,"parent":0,"menu_order":0,"comment_status":"closed","ping_status":"closed","template":"","meta":{"footnotes":""},"class_list":["post-24","page","type-page","status-publish","hentry"],"_links":{"self":[{"href":"https:\/\/oxipira.com.br\/en\/wp-json\/wp\/v2\/pages\/24","targetHints":{"allow":["GET"]}}],"collection":[{"href":"https:\/\/oxipira.com.br\/en\/wp-json\/wp\/v2\/pages"}],"about":[{"href":"https:\/\/oxipira.com.br\/en\/wp-json\/wp\/v2\/types\/page"}],"author":[{"embeddable":true,"href":"https:\/\/oxipira.com.br\/en\/wp-json\/wp\/v2\/users\/1"}],"replies":[{"embeddable":true,"href":"https:\/\/oxipira.com.br\/en\/wp-json\/wp\/v2\/comments?post=24"}],"version-history":[{"count":0,"href":"https:\/\/oxipira.com.br\/en\/wp-json\/wp\/v2\/pages\/24\/revisions"}],"wp:attachment":[{"href":"https:\/\/oxipira.com.br\/en\/wp-json\/wp\/v2\/media?parent=24"}],"curies":[{"name":"wp","href":"https:\/\/api.w.org\/{rel}","templated":true}]}}