{"id":1251,"date":"2016-02-12T07:54:41","date_gmt":"2016-02-12T07:54:41","guid":{"rendered":"http:\/\/demos.famethemes.com\/onepress\/?page_id=4"},"modified":"2021-01-18T16:59:44","modified_gmt":"2021-01-18T19:59:44","slug":"home-2","status":"publish","type":"page","link":"https:\/\/oxipira.com.br\/es\/","title":{"rendered":"Home"},"content":{"rendered":"<p><\/p>\n<ul id=\"menu-primary\" class=\"menu\">\n<li id=\"menu-item-1209\" class=\"menu-item menu-item-type-custom menu-item-object-custom menu-item-home menu-item-has-children menu-item-1209\"><a href=\"http:\/\/192.168.0.7\/site1\/#tecnologias\">Tecnologias<\/a>\n<ul class=\"sub-menu\">\n<li id=\"menu-item-1357\" class=\"menu-item menu-item-type-post_type menu-item-object-page menu-item-1357\"><a href=\"http:\/\/192.168.0.7\/site1\/solucoes-em-corte\/\">Solu\u00e7\u00f5es em Corte<\/a><\/li>\n<li id=\"menu-item-1356\" class=\"menu-item menu-item-type-post_type menu-item-object-page menu-item-1356\"><a href=\"http:\/\/192.168.0.7\/site1\/modernizacao-de-equipamentos\/\">Moderniza\u00e7\u00e3o de Equipamentos<\/a><\/li>\n<li id=\"menu-item-1355\" class=\"menu-item menu-item-type-post_type menu-item-object-page menu-item-1355\"><a href=\"http:\/\/192.168.0.7\/site1\/solucoes-em-acabamento\/\">Solu\u00e7\u00f5es em Acabamento<\/a><\/li>\n<li id=\"menu-item-1354\" class=\"menu-item menu-item-type-post_type menu-item-object-page menu-item-1354\"><a href=\"http:\/\/192.168.0.7\/site1\/softwares\/\">Softwares<\/a><\/li>\n<\/ul>\n<\/li>\n<li id=\"menu-item-1203\" class=\"menu-item menu-item-type-custom menu-item-object-custom menu-item-home menu-item-1203\"><a href=\"http:\/\/192.168.0.7\/site1\/#sobre\">Sobre n\u00f3s<\/a><\/li>\n<li id=\"menu-item-1204\" class=\"menu-item menu-item-type-custom menu-item-object-custom menu-item-home menu-item-has-children menu-item-1204\"><a href=\"http:\/\/192.168.0.7\/site1\/#servicos\">Servi\u00e7os<\/a>\n<ul class=\"sub-menu\">\n<li id=\"menu-item-1361\" class=\"menu-item menu-item-type-post_type menu-item-object-page menu-item-1361\"><a href=\"http:\/\/192.168.0.7\/site1\/maisperformance\/\">Mais Performance<\/a><\/li>\n<li id=\"menu-item-1359\" class=\"menu-item menu-item-type-post_type menu-item-object-page menu-item-1359\"><a href=\"http:\/\/192.168.0.7\/site1\/prestacao-de-servicos-de-corte\/\">Presta\u00e7\u00e3o de Servi\u00e7os de Corte<\/a><\/li>\n<li id=\"menu-item-1360\" class=\"menu-item menu-item-type-post_type menu-item-object-page menu-item-1360\"><a href=\"http:\/\/192.168.0.7\/site1\/treinamento-de-operadores\/\">Treinamento de Operadores<\/a><\/li>\n<li id=\"menu-item-1358\" class=\"menu-item menu-item-type-post_type menu-item-object-page menu-item-1358\"><a href=\"http:\/\/192.168.0.7\/site1\/assessoria-tecnica\/\">Assessoria T\u00e9cnica<\/a><\/li>\n<\/ul>\n<\/li>\n<li id=\"menu-item-1254\" class=\"menu-item menu-item-type-custom menu-item-object-custom menu-item-home menu-item-1254\"><a href=\"http:\/\/192.168.0.7\/site1\/#cases\">Cases<\/a><\/li>\n<li id=\"menu-item-1206\" class=\"menu-item menu-item-type-custom menu-item-object-custom menu-item-home menu-item-1206\"><a href=\"http:\/\/192.168.0.7\/site1\/#gestao\">Gest\u00e3o<\/a><\/li>\n<li id=\"menu-item-1207\" class=\"menu-item menu-item-type-custom menu-item-object-custom menu-item-home menu-item-1207\"><a href=\"http:\/\/192.168.0.7\/site1\/#news\">News<\/a><\/li>\n<li id=\"menu-item-1208\" class=\"menu-item menu-item-type-custom menu-item-object-custom menu-item-home menu-item-1208\"><a href=\"http:\/\/192.168.0.7\/site1\/#contato\">Contato<\/a><\/li>\n<\/ul>\n<p><\/p>","protected":false},"excerpt":{"rendered":"<p>Tecnologias Solu\u00e7\u00f5es em Corte Moderniza\u00e7\u00e3o de Equipamentos Solu\u00e7\u00f5es em Acabamento Softwares Sobre n\u00f3s Servi\u00e7os Mais Performance Presta\u00e7\u00e3o de Servi\u00e7os de Corte Treinamento de Operadores Assessoria T\u00e9cnica Cases Gest\u00e3o News Contato<\/p>\n","protected":false},"author":1,"featured_media":0,"parent":0,"menu_order":0,"comment_status":"closed","ping_status":"closed","template":"template-frontpage.php","meta":{"footnotes":""},"class_list":["post-1251","page","type-page","status-publish","hentry"],"_links":{"self":[{"href":"https:\/\/oxipira.com.br\/es\/wp-json\/wp\/v2\/pages\/1251","targetHints":{"allow":["GET"]}}],"collection":[{"href":"https:\/\/oxipira.com.br\/es\/wp-json\/wp\/v2\/pages"}],"about":[{"href":"https:\/\/oxipira.com.br\/es\/wp-json\/wp\/v2\/types\/page"}],"author":[{"embeddable":true,"href":"https:\/\/oxipira.com.br\/es\/wp-json\/wp\/v2\/users\/1"}],"replies":[{"embeddable":true,"href":"https:\/\/oxipira.com.br\/es\/wp-json\/wp\/v2\/comments?post=1251"}],"version-history":[{"count":5,"href":"https:\/\/oxipira.com.br\/es\/wp-json\/wp\/v2\/pages\/1251\/revisions"}],"predecessor-version":[{"id":2143,"href":"https:\/\/oxipira.com.br\/es\/wp-json\/wp\/v2\/pages\/1251\/revisions\/2143"}],"wp:attachment":[{"href":"https:\/\/oxipira.com.br\/es\/wp-json\/wp\/v2\/media?parent=1251"}],"curies":[{"name":"wp","href":"https:\/\/api.w.org\/{rel}","templated":true}]}}