{"id":1407,"date":"2016-11-30T14:16:06","date_gmt":"2016-11-30T17:16:06","guid":{"rendered":"http:\/\/192.168.0.7\/site1\/?page_id=1407"},"modified":"2023-06-22T14:57:46","modified_gmt":"2023-06-22T17:57:46","slug":"consumiveis-plasma-e-laser","status":"publish","type":"page","link":"https:\/\/oxipira.com.br\/es\/consumiveis-plasma-e-laser\/","title":{"rendered":"(Portugu\u00eas) Consum\u00edveis laser e plasma"},"content":{"rendered":"<div id=\"pl-1407\"  class=\"panel-layout\" ><div id=\"pg-1407-0\"  class=\"panel-grid panel-no-style\" ><div id=\"pgc-1407-0-0\"  class=\"panel-grid-cell\" ><div id=\"panel-1407-0-0-0\" class=\"so-panel widget widget_sow-editor panel-first-child panel-last-child\" data-index=\"0\" ><div\n\t\t\t\n\t\t\tclass=\"so-widget-sow-editor so-widget-sow-editor-base\"\n\t\t\t\n\t\t>\n<div class=\"siteorigin-widget-tinymce textwidget\">\n\t<p>Programe seus pedidos de pe\u00e7as de reposi\u00e7\u00e3o e consum\u00edveis para m\u00e1quinas de corte plasma e laser.<\/p>\n<p>Enviamos para todo o Brasil, com a agilidade que voc\u00ea precisa, para garantir a m\u00e1xima performance e produtividade da sua opera\u00e7\u00e3o.<\/p>\n<p>Envie-nos sua cota\u00e7\u00e3o atrav\u00e9s do e-mail<a href=\"mailto:vendas@oxipira.com.br\"><strong> vendas@oxipira.com.br<\/strong><\/a> ou clique no bot\u00e3o do WhatsApp dispon\u00edvel no canto inferior dessa p\u00e1gina.<\/p>\n<\/div>\n<\/div><\/div><\/div><\/div><div id=\"pg-1407-1\"  class=\"panel-grid panel-has-style\" ><div class=\"lsow-row panel-row-style panel-row-style-for-1407-1\" ><div id=\"pgc-1407-1-0\"  class=\"panel-grid-cell\" ><div id=\"panel-1407-1-0-0\" class=\"so-panel widget widget_sow-editor panel-first-child\" data-index=\"1\" ><div\n\t\t\t\n\t\t\tclass=\"so-widget-sow-editor so-widget-sow-editor-base\"\n\t\t\t\n\t\t><h3 class=\"widget-title\">CONSUM\u00cdVEIS E PE\u00c7AS DE REPOSI\u00c7\u00c3O - LASER<\/h3>\n<div class=\"siteorigin-widget-tinymce textwidget\">\n\t<p>Oferecemos um amplo estoque de pe\u00e7as de reposi\u00e7\u00e3o e consum\u00edveis para m\u00e1quinas laser.<\/p>\n<p>Entre os itens, voc\u00ea encontra: cabe\u00e7otes, sensores, lentes, bicos, corpo do bico, cer\u00e2micas, cabos, arruelas, conectores, ponteiras, entre outros.<\/p>\n<p><strong>Pe\u00e7as para as marcas:<\/strong><\/p>\n<p>Raytools, Maxphotonics, Raycus, IPG, Precitec, AU3TECH, II-VI,WSX.<\/p>\n<p>&nbsp;<\/p>\n<p>&nbsp;<\/p>\n<p>&nbsp;<\/p>\n<\/div>\n<\/div><\/div><div id=\"panel-1407-1-0-1\" class=\"so-panel widget widget_sow-editor\" data-index=\"2\" ><div\n\t\t\t\n\t\t\tclass=\"so-widget-sow-editor so-widget-sow-editor-base\"\n\t\t\t\n\t\t><h3 class=\"widget-title\">CONSUM\u00cdVEIS E PE\u00c7AS ORIGINAIS HYPERTHERM<\/h3>\n<div class=\"siteorigin-widget-tinymce textwidget\">\n\t<p>Contamos com um completo estoque de pe\u00e7as e consum\u00edveis originais Hypertherm.<\/p>\n<p>Ao utilizar insumos originais, voc\u00ea garante que sua opera\u00e7\u00e3o trabalhe com velocidades r\u00e1pidas de corte, vida \u00fatil longa e qualidade de corte superior para alta produtividade e baixos custos operacionais.<\/p>\n<p><strong>Atendemos toda a linha de equipamentos Powermax, HPR, XPR e Max Pro.<\/strong><\/p>\n<p>&nbsp;<\/p>\n<\/div>\n<\/div><\/div><div id=\"panel-1407-1-0-2\" class=\"so-panel widget widget_text panel-last-child\" data-index=\"3\" ><div class=\"panel-widget-style panel-widget-style-for-1407-1-0-2\" >\t\t\t<div class=\"textwidget\"><p><strong>Clique no link abaixo e fa\u00e7a download do material &#8216;Ajuda visual para inspe\u00e7\u00e3o de consum\u00edveis&#8217;. Um conte\u00fado riqu\u00edssimo para operadores de m\u00e1quinas de corte a plasma.<\/strong><\/p>\n<p><a href=\"https:\/\/oxipira.com.br\/wp-content\/uploads\/2023\/06\/AJUDA-VISUAL-PARA-INSPECAO-DE-CONSUMIVEIS.pdf\" target=\"_blank\" rel=\"noopener\">AJUDA VISUAL PARA INSPE\u00c7\u00c3O DE CONSUMIVEIS<\/a><\/p>\n<\/div>\n\t\t<\/div><\/div><\/div><div id=\"pgc-1407-1-1\"  class=\"panel-grid-cell\" ><div id=\"panel-1407-1-1-0\" class=\"so-panel widget widget_sow-image panel-first-child\" data-index=\"4\" ><div\n\t\t\t\n\t\t\tclass=\"so-widget-sow-image so-widget-sow-image-default-dbf295114b96-1407\"\n\t\t\t\n\t\t>\n<div class=\"sow-image-container\">\n\t\t<img fetchpriority=\"high\" \n\tsrc=\"https:\/\/oxipira.com.br\/wp-content\/uploads\/2023\/06\/testr.png\" width=\"1002\" height=\"654\" srcset=\"https:\/\/oxipira.com.br\/wp-content\/uploads\/2023\/06\/testr.png 1002w, https:\/\/oxipira.com.br\/wp-content\/uploads\/2023\/06\/testr-300x196.png 300w, https:\/\/oxipira.com.br\/wp-content\/uploads\/2023\/06\/testr-768x501.png 768w, https:\/\/oxipira.com.br\/wp-content\/uploads\/2023\/06\/testr-24x16.png 24w, https:\/\/oxipira.com.br\/wp-content\/uploads\/2023\/06\/testr-36x23.png 36w, https:\/\/oxipira.com.br\/wp-content\/uploads\/2023\/06\/testr-48x31.png 48w\" sizes=\"(max-width: 1002px) 100vw, 1002px\" alt=\"\" \t\tclass=\"so-widget-image\"\/>\n\t<\/div>\n\n<\/div><\/div><div id=\"panel-1407-1-1-1\" class=\"so-panel widget widget_sow-image panel-last-child\" data-index=\"5\" ><div\n\t\t\t\n\t\t\tclass=\"so-widget-sow-image so-widget-sow-image-default-dbf295114b96-1407\"\n\t\t\t\n\t\t>\n<div class=\"sow-image-container\">\n\t\t<img \n\tsrc=\"https:\/\/oxipira.com.br\/wp-content\/uploads\/2023\/06\/teste2.png\" width=\"1988\" height=\"1294\" srcset=\"https:\/\/oxipira.com.br\/wp-content\/uploads\/2023\/06\/teste2.png 1988w, https:\/\/oxipira.com.br\/wp-content\/uploads\/2023\/06\/teste2-300x195.png 300w, https:\/\/oxipira.com.br\/wp-content\/uploads\/2023\/06\/teste2-1024x667.png 1024w, https:\/\/oxipira.com.br\/wp-content\/uploads\/2023\/06\/teste2-768x500.png 768w, https:\/\/oxipira.com.br\/wp-content\/uploads\/2023\/06\/teste2-1536x1000.png 1536w, https:\/\/oxipira.com.br\/wp-content\/uploads\/2023\/06\/teste2-24x16.png 24w, https:\/\/oxipira.com.br\/wp-content\/uploads\/2023\/06\/teste2-36x23.png 36w, https:\/\/oxipira.com.br\/wp-content\/uploads\/2023\/06\/teste2-48x31.png 48w\" sizes=\"(max-width: 1988px) 100vw, 1988px\" alt=\"\" \t\tclass=\"so-widget-image\"\/>\n\t<\/div>\n\n<\/div><\/div><\/div><\/div><\/div><\/div>","protected":false},"excerpt":{"rendered":"<p>Programe seus pedidos de pe\u00e7as de reposi\u00e7\u00e3o e consum\u00edveis para m\u00e1quinas de corte plasma e laser. Enviamos para todo o Brasil, com a agilidade que voc\u00ea precisa, para garantir a &#8230;<\/p>\n","protected":false},"author":1,"featured_media":0,"parent":0,"menu_order":0,"comment_status":"closed","ping_status":"closed","template":"template-fullwidth.php","meta":{"footnotes":""},"class_list":["post-1407","page","type-page","status-publish","hentry"],"_links":{"self":[{"href":"https:\/\/oxipira.com.br\/es\/wp-json\/wp\/v2\/pages\/1407","targetHints":{"allow":["GET"]}}],"collection":[{"href":"https:\/\/oxipira.com.br\/es\/wp-json\/wp\/v2\/pages"}],"about":[{"href":"https:\/\/oxipira.com.br\/es\/wp-json\/wp\/v2\/types\/page"}],"author":[{"embeddable":true,"href":"https:\/\/oxipira.com.br\/es\/wp-json\/wp\/v2\/users\/1"}],"replies":[{"embeddable":true,"href":"https:\/\/oxipira.com.br\/es\/wp-json\/wp\/v2\/comments?post=1407"}],"version-history":[{"count":103,"href":"https:\/\/oxipira.com.br\/es\/wp-json\/wp\/v2\/pages\/1407\/revisions"}],"predecessor-version":[{"id":2059,"href":"https:\/\/oxipira.com.br\/es\/wp-json\/wp\/v2\/pages\/1407\/revisions\/2059"}],"wp:attachment":[{"href":"https:\/\/oxipira.com.br\/es\/wp-json\/wp\/v2\/media?parent=1407"}],"curies":[{"name":"wp","href":"https:\/\/api.w.org\/{rel}","templated":true}]}}