{"id":23,"date":"2016-02-12T08:12:49","date_gmt":"2016-02-12T08:12:49","guid":{"rendered":"http:\/\/demos.famethemes.com\/onepress\/?page_id=23"},"modified":"2017-10-19T15:22:41","modified_gmt":"2017-10-19T18:22:41","slug":"maisperformance","status":"publish","type":"page","link":"https:\/\/oxipira.com.br\/es\/maisperformance\/","title":{"rendered":"Mais Performance"},"content":{"rendered":"<div id=\"pl-23\"  class=\"panel-layout\" ><div id=\"pg-23-0\"  class=\"panel-grid panel-no-style\" ><div id=\"pgc-23-0-0\"  class=\"panel-grid-cell\" ><div id=\"panel-23-0-0-0\" class=\"so-panel widget widget_sow-editor panel-first-child\" data-index=\"0\" ><div\n\t\t\t\n\t\t\tclass=\"so-widget-sow-editor so-widget-sow-editor-base\"\n\t\t\t\n\t\t>\n<div class=\"siteorigin-widget-tinymce textwidget\">\n\t<p>A Oxipira inova em tecnologias e tamb\u00e9m em servi\u00e7os para garantir que as suas mais de 700 m\u00e1quinas instaladas no mercado cortem em sua m\u00e1xima capacidade. Pensando nisso, foi criado o +Performance Oxipira, um programa personalizado e vantajoso voltado para clientes Oxipira que buscam uma produ\u00e7\u00e3o eficiente e com a m\u00e1xima performance.<\/p>\n<\/div>\n<\/div><\/div><div id=\"panel-23-0-0-1\" class=\"so-panel widget widget_sow-editor\" data-index=\"1\" ><div\n\t\t\t\n\t\t\tclass=\"so-widget-sow-editor so-widget-sow-editor-base\"\n\t\t\t\n\t\t><h3 class=\"widget-title\">O que \u00e9 o Programa?<\/h3>\n<div class=\"siteorigin-widget-tinymce textwidget\">\n\t<p>Um programa de servi\u00e7os adequado de acordo com o perfil de cada cliente. A partir da an\u00e1lise do equipamento e das demandas de cada atividade e cliente, s\u00e3o propostas adequa\u00e7\u00f5es e atualiza\u00e7\u00f5es para melhoria e otimiza\u00e7\u00e3o do processo. \u00c9 ter em sua produ\u00e7\u00e3o um equipamento atualizado com as mais recentes tecnologias, sem o investimento que uma troca exigiria. Mais que \u2018assist\u00eancia t\u00e9cnica\u2019, a Oxipira ouve o que seus clientes precisam e os atende prestando uma verdadeira consultoria em servi\u00e7os. Isso \u00e9 +Performance.<\/p>\n<\/div>\n<\/div><\/div><div id=\"panel-23-0-0-2\" class=\"so-panel widget widget_sow-editor\" data-index=\"2\" ><div\n\t\t\t\n\t\t\tclass=\"so-widget-sow-editor so-widget-sow-editor-base\"\n\t\t\t\n\t\t><h3 class=\"widget-title\">Principais benef\u00edcios do Programa<\/h3>\n<div class=\"siteorigin-widget-tinymce textwidget\">\n\t<ul>\n<li>Adequa\u00e7\u00e3o dos servi\u00e7os e atualiza\u00e7\u00f5es necess\u00e1rias caso a caso. N\u00e3o se trata de um pacote sem flexibilidade.<\/li>\n<li>Resultados percebidos e comprovados.<\/li>\n<li>Garantia de contar sempre com uma m\u00e1quina atualizada e preparada com as mais recentes tecnologias operando em sua m\u00e1xima capacidade.<\/li>\n<li>Produtividade com efici\u00eancia que resulta em mais lucro para o neg\u00f3cio.<\/li>\n<\/ul>\n<\/div>\n<\/div><\/div><div id=\"panel-23-0-0-3\" class=\"so-panel widget widget_sow-editor panel-last-child\" data-index=\"3\" ><div\n\t\t\t\n\t\t\tclass=\"so-widget-sow-editor so-widget-sow-editor-base\"\n\t\t\t\n\t\t><h3 class=\"widget-title\">Como aderir?<\/h3>\n<div class=\"siteorigin-widget-tinymce textwidget\">\n\t<p>A Oxipira se responsabiliza por avaliar a m\u00e1quina e, a partir disso, propor o pacote de servi\u00e7os ou adequa\u00e7\u00f5es mais vantajoso para o cliente, mensurando tempo para execu\u00e7\u00e3o e os resultados que ser\u00e3o obtidos.<\/p>\n<\/div>\n<\/div><\/div><\/div><\/div><\/div>","protected":false},"excerpt":{"rendered":"<p>Mais que um Programa de P\u00f3s Vendas, o +Performance \u00e9 um pacote completo que previne eventuais problemas da m\u00e1quina, aumenta sua produtividade e, consequentemente, tem impacto direto nos resultados.<\/p>\n","protected":false},"author":1,"featured_media":0,"parent":0,"menu_order":0,"comment_status":"closed","ping_status":"closed","template":"","meta":{"footnotes":""},"class_list":["post-23","page","type-page","status-publish","hentry"],"_links":{"self":[{"href":"https:\/\/oxipira.com.br\/es\/wp-json\/wp\/v2\/pages\/23","targetHints":{"allow":["GET"]}}],"collection":[{"href":"https:\/\/oxipira.com.br\/es\/wp-json\/wp\/v2\/pages"}],"about":[{"href":"https:\/\/oxipira.com.br\/es\/wp-json\/wp\/v2\/types\/page"}],"author":[{"embeddable":true,"href":"https:\/\/oxipira.com.br\/es\/wp-json\/wp\/v2\/users\/1"}],"replies":[{"embeddable":true,"href":"https:\/\/oxipira.com.br\/es\/wp-json\/wp\/v2\/comments?post=23"}],"version-history":[{"count":0,"href":"https:\/\/oxipira.com.br\/es\/wp-json\/wp\/v2\/pages\/23\/revisions"}],"wp:attachment":[{"href":"https:\/\/oxipira.com.br\/es\/wp-json\/wp\/v2\/media?parent=23"}],"curies":[{"name":"wp","href":"https:\/\/api.w.org\/{rel}","templated":true}]}}